{"id":380,"date":"2015-10-07T17:06:11","date_gmt":"2015-10-07T15:06:11","guid":{"rendered":"http:\/\/www.medicalswan.com\/new\/?page_id=380"},"modified":"2015-10-10T14:38:02","modified_gmt":"2015-10-10T12:38:02","slug":"polvere-super-assorbente","status":"publish","type":"page","link":"https:\/\/www.medicalswan.com\/new\/polvere-super-assorbente\/","title":{"rendered":"Polvere Super Assorbente"},"content":{"rendered":"<div class=\"page\" title=\"Page 2\">\n<div class=\"layoutArea\">\n<div class=\"column\">\n<h2>PRODOTTI<\/h2>\n<p>La product line che rappresenta attualmente Angimedica \u00e8 HAPPY COVER\u00ae, la quale comprende i seguenti prodotti:<\/p>\n<p><a href=\"http:\/\/www.medicalswan.com\/new\/wp-content\/uploads\/covers.jpg\"><img loading=\"lazy\" decoding=\"async\" class=\" wp-image-391 aligncenter\" src=\"http:\/\/www.medicalswan.com\/new\/wp-content\/uploads\/covers.jpg\" alt=\"covers\" width=\"733\" height=\"253\" srcset=\"https:\/\/www.medicalswan.com\/new\/wp-content\/uploads\/covers.jpg 1145w, https:\/\/www.medicalswan.com\/new\/wp-content\/uploads\/covers-150x52.jpg 150w, https:\/\/www.medicalswan.com\/new\/wp-content\/uploads\/covers-300x104.jpg 300w, https:\/\/www.medicalswan.com\/new\/wp-content\/uploads\/covers-1024x354.jpg 1024w\" sizes=\"(max-width: 733px) 100vw, 733px\" \/><\/a><\/p>\n<\/div>\n<\/div>\n<\/div>\n<div class=\"page\" title=\"Page 3\">\n<p style=\"text-align: justify;\"><strong><img loading=\"lazy\" decoding=\"async\" class=\"wp-image-388 alignright\" src=\"http:\/\/www.medicalswan.com\/new\/wp-content\/uploads\/coev_Fotor.jpg\" alt=\"coev_Fotor\" width=\"360\" height=\"446\" srcset=\"https:\/\/www.medicalswan.com\/new\/wp-content\/uploads\/coev_Fotor.jpg 540w, https:\/\/www.medicalswan.com\/new\/wp-content\/uploads\/coev_Fotor-121x150.jpg 121w, https:\/\/www.medicalswan.com\/new\/wp-content\/uploads\/coev_Fotor-242x300.jpg 242w\" sizes=\"(max-width: 360px) 100vw, 360px\" \/>&#8211; Happy Cover PAD\u00ae<\/strong>\u00a0: sacchetto copri padella con molecola Sgaiel super assorbente gelificante ed<br \/>\nodorante al suo interno. La padella, strumento attualmente utilizzato nelle strutture ospedaliere per la raccolta di feci e urina di pazienti allettati ed immobilizzati viene totalmente ricoperta dal Happy Cover PAD, il quale elimina il contatto tra la cute del paziente e la padella evitando possibili infezioni, permette una raccolta della deiezione veloce e sicura gettando istantaneamente il sacchetto appena effettuata la deiezione, oramai gelificata e priva di odori.<\/p>\n<div class=\"page\" title=\"Page 7\">\n<div class=\"section\">\n<div class=\"layoutArea\">\n<div class=\"column\">\n<p style=\"text-align: justify;\"><em>Il sacchetto igienico copri padella \u00e8 perfetto per l\u2019utilizzo presso degenze ospedaliere, case di cura, reparti di Chirurgia, Medicina, Ostetricia, Ortopedia, Oncologia, Dialisi, Maternit\u00e0, Ambulanze, situazioni di emergenza e pazienti in isolamento<\/em><\/p>\n<\/div>\n<\/div>\n<\/div>\n<\/div>\n<p style=\"text-align: justify;\"><a href=\"http:\/\/www.medicalswan.com\/new\/wp-content\/uploads\/cover1_Fotor.jpg\"><img loading=\"lazy\" decoding=\"async\" class=\"alignleft wp-image-389\" src=\"http:\/\/www.medicalswan.com\/new\/wp-content\/uploads\/cover1_Fotor.jpg\" alt=\"cover1_Fotor\" width=\"378\" height=\"469\" srcset=\"https:\/\/www.medicalswan.com\/new\/wp-content\/uploads\/cover1_Fotor.jpg 540w, https:\/\/www.medicalswan.com\/new\/wp-content\/uploads\/cover1_Fotor-121x150.jpg 121w, https:\/\/www.medicalswan.com\/new\/wp-content\/uploads\/cover1_Fotor-242x300.jpg 242w\" sizes=\"(max-width: 378px) 100vw, 378px\" \/><\/a><strong>&#8211; Happy Cover P.P.\u00ae<\/strong>\u00a0: sacchetto per la raccolta delle urine con molecola Sgaiel super assorbente ed odorante al suo interno. Per la raccolta delle urine, attualmente viene utilizzato il pappagallo, strumento in plastica rigida privo di chiusura. Rappresenta uno dei principali veicoli di infezione delle vie urinarie. Con Happy Cover P.P. l\u2019utilizzo del pappagallo non sar\u00e0 pi\u00f9 necessario. Il paziente potr\u00e0 urinare all\u2019interno del Happy Cover P.P. gelificando e rendendo profumata la propria deiezione.<\/p>\n<div class=\"page\" title=\"Page 11\">\n<div class=\"section\">\n<div class=\"layoutArea\">\n<div class=\"column\">\n<p style=\"text-align: justify;\"><em>Il sacchetto Happy Cover Rig\u00a0per vomito \u00e8 ideale per tutte le situazioni di emergenza, reparti di gastroscopia, oncologia, pronto soccorso, ambulanze, trasporti e viaggi sanitari. Inoltre si rende utile per bambini e adulti che soffrono di nausee durante il trasporto\u00a0o in viaggio, gite scolastiche, viaggi aerei&#8230;<br \/>\n<\/em><\/p>\n<p style=\"text-align: justify;\"><strong><img loading=\"lazy\" decoding=\"async\" class=\" wp-image-390 alignright\" src=\"http:\/\/www.medicalswan.com\/new\/wp-content\/uploads\/cover2_Fotor.jpg\" alt=\"cover2_Fotor\" width=\"369\" height=\"458\" srcset=\"https:\/\/www.medicalswan.com\/new\/wp-content\/uploads\/cover2_Fotor.jpg 540w, https:\/\/www.medicalswan.com\/new\/wp-content\/uploads\/cover2_Fotor-121x150.jpg 121w, https:\/\/www.medicalswan.com\/new\/wp-content\/uploads\/cover2_Fotor-242x300.jpg 242w\" sizes=\"(max-width: 369px) 100vw, 369px\" \/>&#8211; Happy Cover RIG\u00ae<\/strong>\u00a0: sacchetto per la raccolta del rigurgito con molecola Sgaiel super assorbente ed<br \/>\nodorante al suo interno. Attualmente all\u2019interno dei reparti non esistono prodotti idonei a svolgere la funzione di raccolta del rigurgito. Di conseguenza gli infermieri sono costretti ad utilizzare i pi\u00f9 disperati rimedi come traverse, secchi di plastica, buste di carta. Con Happy Cover RIG si restituisce maggiore dignit\u00e0 al paziente, il quale pu\u00f2 utilizzare un dispositivo comodo, sicuro, e discreto eliminando il cattivo odore. Ideale nelle Oncologie durante i trattamenti chemioterapici, nelle gastroenterologie, e all\u2019interno del Pronto Soccorso.<br \/>\n<em>Il sacchetto Happy Cover Rig\u00a0per vomito \u00e8 ideale per tutte le situazioni di emergenza, reparti di gastroscopia, oncologia, pronto soccorso, ambulanze, trasporti e viaggi sanitari. Inoltre si rende utile per bambini e adulti che soffrono di nausee durante il trasporto\u00a0o in viaggio, gite scolastiche, viaggi aerei&#8230;<\/em><\/p>\n<p style=\"text-align: justify;\">\n<\/div>\n<p style=\"text-align: justify;\"><strong>&#8211; SGAIEL\u00ae<\/strong>\u00a0: molecola brevettata super assorbente con sistema odorante per la raccolta di qualsiasi tipologia di liquido a base acquosa. Ideale per l\u2019uso in sala operatoria, e in qualsiasi reparto ospedaliero.<br \/>\nI prodotti sono monouso e, data l\u2019attenzione di Angimedica verso l\u2019ambiente, disponibili anche nella versione\u00a0<strong>BIODEGRADABILE.<br \/>\n<\/strong>In particolare,\u00a0<strong>SGAIEL\u00ae<\/strong>\u00a0rappresenta una vera rivoluzione nel campo della raccolta delle deiezioni corporee. Attraverso la sua azione, \u00e8 possibile non solo una raccolta di liquidi biologici pi\u00f9 rapida e sicura, ma grazie al suo sistema odorante, unico al mondo, \u00e8 in grado di coprire i cattivi odori rendendoli gradevoli all\u2019olfatto.<br \/>\n<a href=\"http:\/\/www.medicalswan.com\/new\/wp-content\/uploads\/sgaiel.jpg\"><img loading=\"lazy\" decoding=\"async\" class=\"size-full wp-image-384 aligncenter\" src=\"http:\/\/www.medicalswan.com\/new\/wp-content\/uploads\/sgaiel.jpg\" alt=\"sgaiel\" width=\"1262\" height=\"351\" srcset=\"https:\/\/www.medicalswan.com\/new\/wp-content\/uploads\/sgaiel.jpg 1262w, https:\/\/www.medicalswan.com\/new\/wp-content\/uploads\/sgaiel-150x42.jpg 150w, https:\/\/www.medicalswan.com\/new\/wp-content\/uploads\/sgaiel-300x83.jpg 300w, https:\/\/www.medicalswan.com\/new\/wp-content\/uploads\/sgaiel-1024x285.jpg 1024w\" sizes=\"(max-width: 1262px) 100vw, 1262px\" \/><\/a><\/p>\n<div class=\"page\" style=\"text-align: justify;\" title=\"Page 13\">\n<div class=\"layoutArea\">\n<div class=\"column\">\n<p><em>La polvere \u00e8 utile in tutti i reparti ospedalieri, in particolare dove si\u00a0verificano perdite di liquidi. Sale operatorie, sale parto, artroscopia del ginocchio, ecc..<\/em><br \/>\n<em>Capace di assorbire\u00a0fino a 100 volte il peso di liquidi e di materiale semisolido\u00a0a base acquosa.<\/em><\/p>\n<\/div>\n<\/div>\n<\/div>\n<p style=\"text-align: justify;\"><em>Disponibile in Despenser da (200,400,1000)g. o in bustine idrosolubili da (5,10,15)g.<\/em><\/p>\n<\/div>\n<div style=\"width: 640px;\" class=\"wp-video\"><!--[if lt IE 9]><script>document.createElement('video');<\/script><![endif]-->\n<video class=\"wp-video-shortcode\" id=\"video-380-1\" width=\"640\" height=\"480\" preload=\"metadata\" controls=\"controls\"><source type=\"video\/mp4\" src=\"http:\/\/www.medicalswan.com\/new\/wp-content\/uploads\/SGAIEL-Idrosolubile-10gr.wmv.mp4?_=1\" \/><a href=\"http:\/\/www.medicalswan.com\/new\/wp-content\/uploads\/SGAIEL-Idrosolubile-10gr.wmv.mp4\">http:\/\/www.medicalswan.com\/new\/wp-content\/uploads\/SGAIEL-Idrosolubile-10gr.wmv.mp4<\/a><\/video><\/div>\n<\/div>\n<\/div>\n<\/div>\n","protected":false},"excerpt":{"rendered":"<p>PRODOTTI La product line che rappresenta attualmente Angimedica \u00e8 HAPPY COVER\u00ae, la quale comprende i seguenti prodotti: &#8211; Happy Cover PAD\u00ae\u00a0: sacchetto copri padella con molecola Sgaiel super assorbente gelificante <a class=\"more-link\" href=\"https:\/\/www.medicalswan.com\/new\/polvere-super-assorbente\/\">Continua a Leggere&#8230;<\/a><\/p>\n","protected":false},"author":1,"featured_media":0,"parent":0,"menu_order":0,"comment_status":"closed","ping_status":"closed","template":"","meta":{"footnotes":""},"_links":{"self":[{"href":"https:\/\/www.medicalswan.com\/new\/wp-json\/wp\/v2\/pages\/380"}],"collection":[{"href":"https:\/\/www.medicalswan.com\/new\/wp-json\/wp\/v2\/pages"}],"about":[{"href":"https:\/\/www.medicalswan.com\/new\/wp-json\/wp\/v2\/types\/page"}],"author":[{"embeddable":true,"href":"https:\/\/www.medicalswan.com\/new\/wp-json\/wp\/v2\/users\/1"}],"replies":[{"embeddable":true,"href":"https:\/\/www.medicalswan.com\/new\/wp-json\/wp\/v2\/comments?post=380"}],"version-history":[{"count":16,"href":"https:\/\/www.medicalswan.com\/new\/wp-json\/wp\/v2\/pages\/380\/revisions"}],"predecessor-version":[{"id":408,"href":"https:\/\/www.medicalswan.com\/new\/wp-json\/wp\/v2\/pages\/380\/revisions\/408"}],"wp:attachment":[{"href":"https:\/\/www.medicalswan.com\/new\/wp-json\/wp\/v2\/media?parent=380"}],"curies":[{"name":"wp","href":"https:\/\/api.w.org\/{rel}","templated":true}]}}