{"id":296,"date":"2015-10-02T11:09:56","date_gmt":"2015-10-02T09:09:56","guid":{"rendered":"http:\/\/www.medicalswan.com\/new\/?page_id=296"},"modified":"2015-10-06T10:01:49","modified_gmt":"2015-10-06T08:01:49","slug":"porta-aghi","status":"publish","type":"page","link":"https:\/\/www.medicalswan.com\/new\/porta-aghi\/","title":{"rendered":"Porta Aghi"},"content":{"rendered":"<h3 style=\"text-align: center;\"><span style=\"text-decoration: underline;\"><strong>NOVIT\u00c1 ASSOLUTA!<\/strong><\/span><\/h3>\n<p style=\"text-align: center;\"><span style=\"text-decoration: underline;\">Suturare non \u00e8 mai stato cos\u00ec facile&#8230;<\/span><span style=\"text-decoration: underline;\">Leggero, super bilanciato ed ergonomico per ridurre l&#8217;affaticamento della mano del chirurgo.<\/span><\/p>\n<p style=\"text-align: center;\"><a href=\"http:\/\/www.medicalswan.com\/new\/wp-content\/uploads\/porta-ghi.jpg\"><img loading=\"lazy\" decoding=\"async\" class=\"wp-image-308 aligncenter\" src=\"http:\/\/www.medicalswan.com\/new\/wp-content\/uploads\/porta-ghi.jpg\" alt=\"porta ghi\" width=\"734\" height=\"546\" srcset=\"https:\/\/www.medicalswan.com\/new\/wp-content\/uploads\/porta-ghi.jpg 1095w, https:\/\/www.medicalswan.com\/new\/wp-content\/uploads\/porta-ghi-150x112.jpg 150w, https:\/\/www.medicalswan.com\/new\/wp-content\/uploads\/porta-ghi-300x223.jpg 300w, https:\/\/www.medicalswan.com\/new\/wp-content\/uploads\/porta-ghi-1024x761.jpg 1024w\" sizes=\"(max-width: 734px) 100vw, 734px\" \/><\/a><\/p>\n<p style=\"text-align: justify;\">Manico rivestito in teflon per una presa\u00a0migliore. La cremagliera pu\u00f2 assumere 6 posizioni differenti, adattandosi anche alle mani pi\u00f9 piccole. Pesa solo 122 grammi, contro il concorrente pi\u00f9 popolare che ne pesa 256 gr. Qualit\u00e0 e precisione tedesche. Prezzi molto competitivi.<\/p>\n<table>\n<tbody>\n<tr>\n<td><img loading=\"lazy\" decoding=\"async\" class=\"wp-image-313 aligncenter\" src=\"http:\/\/www.medicalswan.com\/new\/wp-content\/uploads\/Loftline_03.jpg\" alt=\"Loftline_03\" width=\"351\" height=\"234\" srcset=\"https:\/\/www.medicalswan.com\/new\/wp-content\/uploads\/Loftline_03.jpg 850w, https:\/\/www.medicalswan.com\/new\/wp-content\/uploads\/Loftline_03-150x100.jpg 150w, https:\/\/www.medicalswan.com\/new\/wp-content\/uploads\/Loftline_03-300x200.jpg 300w, https:\/\/www.medicalswan.com\/new\/wp-content\/uploads\/Loftline_03-690x462.jpg 690w, https:\/\/www.medicalswan.com\/new\/wp-content\/uploads\/Loftline_03-390x261.jpg 390w\" sizes=\"(max-width: 351px) 100vw, 351px\" \/><\/td>\n<td style=\"text-align: left; vertical-align: middle;\">TC Porta aghi \u00d8 5mm, convesso \/ concavo con manico in alluminio, rivestito di teflon WL 330 millimetri, connessione LL<\/td>\n<\/tr>\n<tr>\n<td style=\"text-align: left; vertical-align: middle;\">TC Porta aghi \u00d8 5mm, dritto con manico in alluminio, rivestito di teflon WL 330 millimetri, connessione\u00a0LL<\/p>\n<p>TC Porta aghi \u00d8 3 mm, dritto con manico in alluminio, rivestito di WL 290 millimetri, connessione LL<\/td>\n<td>\n<p style=\"text-align: justify;\"><img loading=\"lazy\" decoding=\"async\" class=\"wp-image-311 aligncenter\" src=\"http:\/\/www.medicalswan.com\/new\/wp-content\/uploads\/Loftline_09.jpg\" alt=\"Loftline_09\" width=\"351\" height=\"234\" srcset=\"https:\/\/www.medicalswan.com\/new\/wp-content\/uploads\/Loftline_09.jpg 850w, https:\/\/www.medicalswan.com\/new\/wp-content\/uploads\/Loftline_09-150x100.jpg 150w, https:\/\/www.medicalswan.com\/new\/wp-content\/uploads\/Loftline_09-300x200.jpg 300w, https:\/\/www.medicalswan.com\/new\/wp-content\/uploads\/Loftline_09-690x462.jpg 690w, https:\/\/www.medicalswan.com\/new\/wp-content\/uploads\/Loftline_09-390x261.jpg 390w\" sizes=\"(max-width: 351px) 100vw, 351px\" \/><\/p>\n<\/td>\n<\/tr>\n<tr>\n<td>\n<p style=\"text-align: justify;\"><img loading=\"lazy\" decoding=\"async\" class=\"wp-image-312 aligncenter\" src=\"http:\/\/www.medicalswan.com\/new\/wp-content\/uploads\/Loftline_10.jpg\" alt=\"Loftline_10\" width=\"348\" height=\"232\" srcset=\"https:\/\/www.medicalswan.com\/new\/wp-content\/uploads\/Loftline_10.jpg 850w, https:\/\/www.medicalswan.com\/new\/wp-content\/uploads\/Loftline_10-150x100.jpg 150w, https:\/\/www.medicalswan.com\/new\/wp-content\/uploads\/Loftline_10-300x200.jpg 300w, https:\/\/www.medicalswan.com\/new\/wp-content\/uploads\/Loftline_10-690x462.jpg 690w, https:\/\/www.medicalswan.com\/new\/wp-content\/uploads\/Loftline_10-390x261.jpg 390w\" sizes=\"(max-width: 348px) 100vw, 348px\" \/><\/p>\n<\/td>\n<td style=\"text-align: left; vertical-align: middle;\">TC Porta aghi \u00d8 5mm, con curvatura a sinistra e manico in alluminio, rivestito di teflon WL 330 millimetri, connessione LL<\/p>\n<p>TC Porta aghi \u00d8 3mm con curvatura a sinistra e\u00a0 manico in alluminio, rivestito di teflon WL 290 millimetri, connessione LL<\/td>\n<\/tr>\n<tr>\n<td style=\"text-align: left; vertical-align: middle;\">\n<p style=\"text-align: justify;\">TC Porta aghi \u00d8 5mm, con curvatura a destra e\u00a0 manico in alluminio, rivestito di teflon WL 330 millimetri, connessione LL<\/p>\n<p>TC Porta aghi \u00d8 3mm\u00a0 con curvatura a destra \u00a0e manico in alluminio, rivestito di teflon WL 290 millimetri, connessione LL<\/td>\n<td><a href=\"http:\/\/www.medicalswan.com\/new\/wp-content\/uploads\/Loftline_08.jpg\"><img loading=\"lazy\" decoding=\"async\" class=\"wp-image-317 aligncenter\" src=\"http:\/\/www.medicalswan.com\/new\/wp-content\/uploads\/Loftline_08.jpg\" alt=\"Loftline_08\" width=\"348\" height=\"232\" srcset=\"https:\/\/www.medicalswan.com\/new\/wp-content\/uploads\/Loftline_08.jpg 850w, https:\/\/www.medicalswan.com\/new\/wp-content\/uploads\/Loftline_08-150x100.jpg 150w, https:\/\/www.medicalswan.com\/new\/wp-content\/uploads\/Loftline_08-300x200.jpg 300w, https:\/\/www.medicalswan.com\/new\/wp-content\/uploads\/Loftline_08-690x462.jpg 690w, https:\/\/www.medicalswan.com\/new\/wp-content\/uploads\/Loftline_08-390x261.jpg 390w\" sizes=\"(max-width: 348px) 100vw, 348px\" \/><\/a><\/td>\n<\/tr>\n<tr>\n<td>\n<p style=\"text-align: justify;\"><img loading=\"lazy\" decoding=\"async\" class=\"wp-image-316 aligncenter\" src=\"http:\/\/www.medicalswan.com\/new\/wp-content\/uploads\/Loftline_07.jpg\" alt=\"Loftline_07\" width=\"348\" height=\"232\" srcset=\"https:\/\/www.medicalswan.com\/new\/wp-content\/uploads\/Loftline_07.jpg 850w, https:\/\/www.medicalswan.com\/new\/wp-content\/uploads\/Loftline_07-150x100.jpg 150w, https:\/\/www.medicalswan.com\/new\/wp-content\/uploads\/Loftline_07-300x200.jpg 300w, https:\/\/www.medicalswan.com\/new\/wp-content\/uploads\/Loftline_07-690x462.jpg 690w, https:\/\/www.medicalswan.com\/new\/wp-content\/uploads\/Loftline_07-390x261.jpg 390w\" sizes=\"(max-width: 348px) 100vw, 348px\" \/><\/p>\n<\/td>\n<td style=\"text-align: left; vertical-align: middle;\">\n<p style=\"text-align: justify;\">TC Porta aghi \u00d8 5mm, &#8220;forma a S&#8221; con manico in alluminio, rivestito di teflon WL 330 millimetri, connessione LL<\/p>\n<\/td>\n<\/tr>\n<\/tbody>\n<\/table>\n<p>&nbsp;<\/p>\n","protected":false},"excerpt":{"rendered":"<p>NOVIT\u00c1 ASSOLUTA! Suturare non \u00e8 mai stato cos\u00ec facile&#8230;Leggero, super bilanciato ed ergonomico per ridurre l&#8217;affaticamento della mano del chirurgo. Manico rivestito in teflon per una presa\u00a0migliore. La cremagliera pu\u00f2 <a class=\"more-link\" href=\"https:\/\/www.medicalswan.com\/new\/porta-aghi\/\">Continua a Leggere&#8230;<\/a><\/p>\n","protected":false},"author":1,"featured_media":0,"parent":0,"menu_order":0,"comment_status":"closed","ping_status":"closed","template":"","meta":{"footnotes":""},"_links":{"self":[{"href":"https:\/\/www.medicalswan.com\/new\/wp-json\/wp\/v2\/pages\/296"}],"collection":[{"href":"https:\/\/www.medicalswan.com\/new\/wp-json\/wp\/v2\/pages"}],"about":[{"href":"https:\/\/www.medicalswan.com\/new\/wp-json\/wp\/v2\/types\/page"}],"author":[{"embeddable":true,"href":"https:\/\/www.medicalswan.com\/new\/wp-json\/wp\/v2\/users\/1"}],"replies":[{"embeddable":true,"href":"https:\/\/www.medicalswan.com\/new\/wp-json\/wp\/v2\/comments?post=296"}],"version-history":[{"count":14,"href":"https:\/\/www.medicalswan.com\/new\/wp-json\/wp\/v2\/pages\/296\/revisions"}],"predecessor-version":[{"id":334,"href":"https:\/\/www.medicalswan.com\/new\/wp-json\/wp\/v2\/pages\/296\/revisions\/334"}],"wp:attachment":[{"href":"https:\/\/www.medicalswan.com\/new\/wp-json\/wp\/v2\/media?parent=296"}],"curies":[{"name":"wp","href":"https:\/\/api.w.org\/{rel}","templated":true}]}}