{"id":137,"date":"2015-09-14T16:26:01","date_gmt":"2015-09-14T14:26:01","guid":{"rendered":"http:\/\/www.medicalswan.com\/new\/?page_id=137"},"modified":"2017-03-30T12:38:45","modified_gmt":"2017-03-30T10:38:45","slug":"elettrobisturi-pulsar-mb350","status":"publish","type":"page","link":"https:\/\/www.medicalswan.com\/new\/elettrobisturi-pulsar-mb350\/","title":{"rendered":"Elettrobisturi Pulsar MB 350"},"content":{"rendered":"<h2><img loading=\"lazy\" decoding=\"async\" class=\"size-full wp-image-586 alignnone\" src=\"http:\/\/www.medicalswan.com\/new\/wp-content\/uploads\/pulsar.png\" alt=\"pulsar\" width=\"908\" height=\"411\" srcset=\"https:\/\/www.medicalswan.com\/new\/wp-content\/uploads\/pulsar.png 908w, https:\/\/www.medicalswan.com\/new\/wp-content\/uploads\/pulsar-150x68.png 150w, https:\/\/www.medicalswan.com\/new\/wp-content\/uploads\/pulsar-300x136.png 300w, https:\/\/www.medicalswan.com\/new\/wp-content\/uploads\/pulsar-768x348.png 768w\" sizes=\"(max-width: 908px) 100vw, 908px\" \/><\/h2>\n<p><strong><span style=\"text-decoration: underline;\">Pulsar MB350<\/span><\/strong> \u00e8 un generatore computerizzato di correnti elettrochirurgiche ad alta frequenza, progettato in base alle pi\u00f9 avanzate tecnologie elettroniche, dotato di specifiche caratteristiche che garantiscono la perfetta e sicura usabilit\u00e0 indispensabile per ottenere i migliori risultati usando resettoscopi o mini resettoscopi in salina.<\/p>\n<div class=\"page\" title=\"Page 2\">\n<div class=\"section\">\n<div class=\"layoutArea\">\n<p class=\"column\" style=\"text-align: justify;\">Dotato anche di tutte le prestazioni necessarie per l\u2019uso monopolare e bipolare in chirurgia open o laparoscopica, l\u2019apparecchio permette di memorizzare fino a 33 programmi per tutti gli usi chirurgici e 6 programmi specifici per l\u2019uso in salina di miniresettori e strumenti bipolari 5Cr.<\/p>\n<p class=\"column\" style=\"text-align: justify;\"><strong><span style=\"text-decoration: underline;\">Il Pulsar MB350<\/span><\/strong>, dispone di correnti specifiche particolarmente utili, che permettono di ottenere un risultato chirurgico preciso e delicato con l&#8217;utilizzo di resettori, mini resettori (Gubbini) ed elettrodi bipolari 5fr.<\/p>\n<p class=\"column\" style=\"text-align: justify;\">\n<\/div>\n<ul>\n<li class=\"column\" style=\"text-align: justify;\"><span style=\"text-decoration: underline;\"><strong>CORRENTE PULSATA<\/strong><\/span><br \/>\nconsente\u00a0all&#8217;operatore di tener premuto il pedale di taglio dell&#8217; elettrobisturi, lasciando che quest&#8217;ultimo emetta delle correnti pulsate ad intervalli frequenti, senza bisogno di premere ripetutamente il pedale.<br \/>\nLa corrente pulsata permette di utilizzare un&#8217;energia (watt) molto pi\u00f9 bassa rispetto all&#8217;energia continua, ed offre la capacit\u00e0 all&#8217;operatore, di poter gestire il taglio in maniere pi\u00f9 <span style=\"text-decoration: underline;\"><strong>precisa<\/strong><\/span> e <span style=\"text-decoration: underline;\"><span style=\"text-decoration: underline;\"><strong>sicura<\/strong><\/span><\/span><\/li>\n<\/ul>\n<p><iframe loading=\"lazy\" width=\"690\" height=\"518\" src=\"https:\/\/www.youtube.com\/embed\/54_ze9m3LC8?feature=oembed\" frameborder=\"0\" allow=\"accelerometer; autoplay; encrypted-media; gyroscope; picture-in-picture\" allowfullscreen><\/iframe><\/p>\n<\/div>\n<\/div>\n<p><iframe loading=\"lazy\" width=\"690\" height=\"518\" src=\"https:\/\/www.youtube.com\/embed\/XJJlsX4DpaE?feature=oembed\" frameborder=\"0\" allow=\"accelerometer; autoplay; encrypted-media; gyroscope; picture-in-picture\" allowfullscreen><\/iframe><\/p>\n<ul>\n<li class=\"column\" style=\"text-align: left;\"><strong><span style=\"text-decoration: underline;\">CORRENTE AD IMPULSO SINGOLO<\/span><\/strong><br \/>\npremendo il pedale, l&#8217;elettrobisturi\u00a0permetter\u00e0 di erogare un solo impulso. Per ottenere un&#8217;altro impulso, occorrer\u00e0 premere di nuovo il pedale.<br \/>\nQuesta corrente, oltre a permetterci di utilizzare un&#8217; energia (watt) pi\u00f9 bassa, garantisce un taglio sicuro e preciso, soprattutto se in prossimit\u00e0 degli osti tubarici.<\/li>\n<\/ul>\n<p><iframe loading=\"lazy\" width=\"690\" height=\"518\" src=\"https:\/\/www.youtube.com\/embed\/sVUCpBl6Nq4?feature=oembed\" frameborder=\"0\" allow=\"accelerometer; autoplay; encrypted-media; gyroscope; picture-in-picture\" allowfullscreen><\/iframe><\/p>\n<p>&nbsp;<\/p>\n<hr \/>\n<p>&nbsp;<\/p>\n","protected":false},"excerpt":{"rendered":"<p>Pulsar MB350 \u00e8 un generatore computerizzato di correnti elettrochirurgiche ad alta frequenza, progettato in base alle pi\u00f9 avanzate tecnologie elettroniche, dotato di specifiche caratteristiche che garantiscono la perfetta e sicura <a class=\"more-link\" href=\"https:\/\/www.medicalswan.com\/new\/elettrobisturi-pulsar-mb350\/\">Continua a Leggere&#8230;<\/a><\/p>\n","protected":false},"author":1,"featured_media":0,"parent":0,"menu_order":0,"comment_status":"closed","ping_status":"closed","template":"","meta":{"footnotes":""},"_links":{"self":[{"href":"https:\/\/www.medicalswan.com\/new\/wp-json\/wp\/v2\/pages\/137"}],"collection":[{"href":"https:\/\/www.medicalswan.com\/new\/wp-json\/wp\/v2\/pages"}],"about":[{"href":"https:\/\/www.medicalswan.com\/new\/wp-json\/wp\/v2\/types\/page"}],"author":[{"embeddable":true,"href":"https:\/\/www.medicalswan.com\/new\/wp-json\/wp\/v2\/users\/1"}],"replies":[{"embeddable":true,"href":"https:\/\/www.medicalswan.com\/new\/wp-json\/wp\/v2\/comments?post=137"}],"version-history":[{"count":27,"href":"https:\/\/www.medicalswan.com\/new\/wp-json\/wp\/v2\/pages\/137\/revisions"}],"predecessor-version":[{"id":784,"href":"https:\/\/www.medicalswan.com\/new\/wp-json\/wp\/v2\/pages\/137\/revisions\/784"}],"wp:attachment":[{"href":"https:\/\/www.medicalswan.com\/new\/wp-json\/wp\/v2\/media?parent=137"}],"curies":[{"name":"wp","href":"https:\/\/api.w.org\/{rel}","templated":true}]}}